{"id":1656,"date":"2024-09-19T09:01:29","date_gmt":"2024-09-19T06:01:29","guid":{"rendered":"https:\/\/kielisepat.fi\/?page_id=1656"},"modified":"2026-01-08T16:08:16","modified_gmt":"2026-01-08T14:08:16","slug":"meista","status":"publish","type":"page","link":"https:\/\/kielisepat.fi\/index.php\/meista\/","title":{"rendered":"Meist\u00e4"},"content":{"rendered":"\n<div class=\"wp-block-group has-global-padding is-content-justification-center is-layout-constrained wp-container-core-group-is-layout-b9e76259 wp-block-group-is-layout-constrained\" data-block-type=\"core\">\n<div class=\"wp-block-stackable-heading stk-block-heading stk-block-heading--v2 stk-block stk-660a130\" id=\"kenelle-kielisepat-on\" data-block-id=\"660a130\"><h3 class=\"stk-block-heading__text\">Kenelle Kielisep\u00e4t on?<\/h3><\/div>\n\n\n\n<div class=\"wp-block-stackable-text stk-block-text stk-block stk-a906b9e\" data-block-id=\"a906b9e\"><p class=\"stk-block-text__text\"><strong>Kielisep\u00e4t on yhteis\u00f6 meille, jotka olemme saavuttaneet sen, mik\u00e4 joskus tuntui mahdottomalta: puhumme suomea suhteellisen hyvin.<\/strong><\/p><\/div>\n\n\n\n<div class=\"wp-block-stackable-text stk-block-text stk-block stk-c3d39cf\" data-block-id=\"c3d39cf\"><p class=\"stk-block-text__text\">P\u00e4rj\u00e4\u00e4mme suomeksi t\u00f6iss\u00e4, koulussa, arjessa \u2013 mutta haluaisimme tehd\u00e4 paljon enemm\u00e4n kuin vain p\u00e4rj\u00e4t\u00e4.<\/p><\/div>\n\n\n\n<div class=\"wp-block-stackable-text stk-block-text stk-block stk-9156473\" data-block-id=\"9156473\"><p class=\"stk-block-text__text\">Emme en\u00e4\u00e4 kohtaa p\u00e4ivitt\u00e4in ymm\u00e4rt\u00e4m\u00e4tt\u00f6myyden piinaa ja kielellisen rasituksen p\u00e4\u00e4ns\u00e4rky\u00e4, mutta paljon j\u00e4\u00e4 viel\u00e4 oman sis\u00e4isen kielimuurin taakse \u2013 sanomatta, luomatta, ajattelematta.<\/p><\/div>\n\n\n\n<div class=\"wp-block-stackable-text stk-block-text stk-block stk-9218e36\" data-block-id=\"9218e36\"><p class=\"stk-block-text__text\">Olemme tottuneet kiittelem\u00e4\u00e4n sopivan n\u00f6yr\u00e4sti heit\u00e4, jotka kehuvat puheemme sujuvuutta \u2013 mutta ihmettelemme v\u00e4lill\u00e4, kuinka kauan voikin kest\u00e4\u00e4 t\u00e4m\u00e4 vaihe, kun kielen puhuminen on ulkoap\u00e4in sujuvaa, mutta sis\u00e4lt\u00e4p\u00e4in viel\u00e4 tietyll\u00e4 tavalla vaivalloista.<\/p><\/div>\n\n\n\n<div class=\"wp-block-stackable-text stk-block-text stk-block stk-50da8d5\" data-block-id=\"50da8d5\"><p class=\"stk-block-text__text\">Kielitaitoviitekehyksen mukaan olemme B2- ja C-tasoisia oppijoita. N\u00e4m\u00e4 kielitaidon tasot tarkoittavat kuitenkin eri asioita eri ihmisille, ja joillekin ne eiv\u00e4t tarkoita mit\u00e4\u00e4n. Sep\u00e4n kielikuvalla voikin ilmaista asian paremmin: emme ole en\u00e4\u00e4 oppipoikia \u2013 olemme nyt mestaruuden polulla.<\/p><\/div>\n\n\n\n<div class=\"wp-block-stackable-text stk-block-text stk-block stk-ccc91b2\" data-block-id=\"ccc91b2\"><p class=\"stk-block-text__text\">Jos tunnistat itsesi yll\u00e4 olevasta kuvauksesta, <a href=\"https:\/\/kielisepat.fi\/index.php\/yhteiso\/\" data-type=\"page\" data-id=\"40\"><span style=\"color: #3e31af;\" class=\"stk-highlight\">tervetuloa mukaan Kielisep\u00e4t-yhteis\u00f6\u00f6n<\/span><\/a>! Ja jos koet jo saavuttaneesi ns. sis\u00e4isen sujuvuuden ja kielen t\u00e4ydellisen hallinnan, olet my\u00f6s l\u00e4mpim\u00e4sti tervetullut mukaan \u2013 me tarvitsemme apuasi.<\/p><\/div>\n\n\n\n<div class=\"wp-block-stackable-heading stk-block-heading stk-block-heading--v2 stk-block stk-47e4db3\" id=\"mita-yhteisossa-tehdaan\" data-block-id=\"47e4db3\"><h3 class=\"stk-block-heading__text\">Mit\u00e4 yhteis\u00f6ss\u00e4 tehd\u00e4\u00e4n?<\/h3><\/div>\n\n\n\n<div class=\"wp-block-stackable-text stk-block-text stk-block stk-5f2ed38\" data-block-id=\"5f2ed38\"><p class=\"stk-block-text__text\">Kieliseppien ytimess\u00e4 on kolme asiaa: resurssit, ryhm\u00e4t ja tapahtumat.<\/p><\/div>\n\n\n\n<div class=\"wp-block-stackable-text stk-block-text stk-block stk-19e47ae\" data-block-id=\"19e47ae\"><p class=\"stk-block-text__text\">Luomme ja jaamme oppimisresursseja, joista on hy\u00f6ty\u00e4 sek\u00e4 meille itsellemme ett\u00e4 monelle muulle edistyneelle suomenoppijalle. N\u00e4ihin kuuluvat <a href=\"https:\/\/kielisepat.fi\/index.php\/oppimateriaalit\" data-type=\"page\" data-id=\"194\"><span style=\"color: #3e31af;\" class=\"stk-highlight\">oppimissettimme ja -sovelluksemme<\/span><\/a> sek\u00e4 <a href=\"https:\/\/kielisepat.fi\/index.php\/vinkit\/\" data-type=\"page\" data-id=\"45\"><span style=\"color: #3e31af;\" class=\"stk-highlight\">vinkkiartikkelimme<\/span><\/a>.<\/p><\/div>\n\n\n\n<div class=\"wp-block-stackable-text stk-block-text stk-block stk-8d93ef5\" data-block-id=\"8d93ef5\"><p class=\"stk-block-text__text\">Kokoonnumme my\u00f6s erityyppisiss\u00e4 ryhmiss\u00e4, joiden tarkoitus on tukea eri tavoilla kielitaidon kehitt\u00e4mist\u00e4 ja kielenoppimistavoitteiden saavuttamista. <a href=\"https:\/\/kielisepat.fi\/index.php\/yhteiso#liity-ryhmiin\" data-type=\"link\" data-id=\"https:\/\/kielisepat.fi\/index.php\/yhteiso#liity-ryhmiin\"><span style=\"color: #3e31af;\" class=\"stk-highlight\">Yhteis\u00f6-sivulta<\/span><\/a> voit lukea tarjolla olevista ryhmist\u00e4 ja halutessasi ilmoittautua niihin.<\/p><\/div>\n\n\n\n<div class=\"wp-block-stackable-text stk-block-text stk-block stk-7a3eac9\" data-block-id=\"7a3eac9\"><p class=\"stk-block-text__text\">Osaamme my\u00f6s pit\u00e4\u00e4 hauskaa! Kieliseppien tapahtumat tarjoavat matalan kynnyksen tilaisuuksia, joissa luodaan kannustava yhteis\u00f6 edistyneille oppijoille ja syvennet\u00e4\u00e4n kielitaitoa. Ohjelmassa on monenlaisia aktiviteetteja, joissa p\u00e4\u00e4set tutustumaan muihin sepp\u00e4l\u00e4isiin, jakamaan kokemuksia ja oppimaan lis\u00e4\u00e4 suomalaisesta kulttuurista! Tietoa tulevista tapahtumista l\u00f6ytyy <a href=\"https:\/\/kielisepat.fi\/index.php\/yhteiso\/\" data-type=\"page\" data-id=\"40\"><span style=\"color: #3e31af;\" class=\"stk-highlight\">Yhteis\u00f6-sivulta<\/span><\/a>.<\/p><\/div>\n\n\n\n<div class=\"wp-block-stackable-heading stk-block-heading stk-block-heading--v2 stk-block stk-19338c4\" id=\"kuka-tata-johtaa\" data-block-id=\"19338c4\"><style>.stk-19338c4 {margin-bottom:23px !important;}<\/style><h3 class=\"stk-block-heading__text\">Kuka t\u00e4t\u00e4 johtaa?<\/h3><\/div>\n\n\n\n<div class=\"wp-block-stackable-text stk-block-text stk-block stk-33ce35a\" data-block-id=\"33ce35a\"><p class=\"stk-block-text__text\">Kielisep\u00e4t on syntynyt osana <a href=\"https:\/\/www.kielibuusti.fi\/fi\" data-type=\"link\" data-id=\"https:\/\/www.kielibuusti.fi\/fi\"><span style=\"color: #3e31af;\" class=\"stk-highlight\">Kielibuusti-hanketta<\/span><\/a>, ja sit\u00e4 johtaa t\u00e4ll\u00e4 hetkell\u00e4 tiimi Helsingin yliopiston opiskelijoita. Tavoitteena on kuitenkin laajentaa ajan my\u00f6t\u00e4 johtotiimi\u00e4 niin, ett\u00e4 se koostuisi edistyneist\u00e4 oppijoista monista eri ty\u00f6-, koulu- tai muista yhteis\u00f6ist\u00e4.<\/p><\/div>\n\n\n\n<div class=\"wp-block-stackable-text stk-block-text stk-block stk-3621d6f\" data-block-id=\"3621d6f\"><style>.stk-3621d6f {padding-bottom:1em !important;}<\/style><p class=\"stk-block-text__text\">Jos sinulla on kysytt\u00e4v\u00e4\u00e4 tai kommentoitavaa Kielisepist\u00e4 tai verkkosivun sis\u00e4ll\u00f6st\u00e4, voit ota yhteytt\u00e4 meihin <a href=\"https:\/\/kielisepat.fi\/index.php\/ota-yhteytta\/\" data-type=\"page\" data-id=\"457\"><span style=\"color: #3e31af;\" class=\"stk-highlight\">s\u00e4hk\u00f6postitse tai yhteyslomakkeen kautta<\/span><\/a>.<\/p><\/div>\n\n\n\n<div class=\"wp-block-stackable-columns stk-block-columns stk-block stk-0eaace4\" data-block-id=\"0eaace4\"><style>.stk-0eaace4 {margin-bottom:24px !important;}<\/style><div class=\"stk-row stk-inner-blocks stk-block-content stk-content-align stk-0eaace4-column\">\n<div class=\"wp-block-stackable-column stk-block-column stk-column stk-block stk-6bc7d2c\" data-v=\"4\" data-block-id=\"6bc7d2c\"><div class=\"stk-column-wrapper stk-block-column__content stk-container stk-6bc7d2c-container stk--no-background stk--no-padding\"><div class=\"stk-block-content stk-inner-blocks stk-6bc7d2c-inner-blocks\">\n<figure class=\"wp-block-image size-full is-resized\" data-block-type=\"core\"><img loading=\"lazy\" decoding=\"async\" width=\"975\" height=\"222\" src=\"https:\/\/kielisepat.fi\/wp-content\/uploads\/2024\/09\/kielibuusti_logo_suomi_tummansininen-1.png\" alt=\"Kielibuustin logo\" class=\"wp-image-1902\" style=\"width:265px;height:auto\" srcset=\"https:\/\/kielisepat.fi\/wp-content\/uploads\/2024\/09\/kielibuusti_logo_suomi_tummansininen-1.png 975w, https:\/\/kielisepat.fi\/wp-content\/uploads\/2024\/09\/kielibuusti_logo_suomi_tummansininen-1-300x68.png 300w, https:\/\/kielisepat.fi\/wp-content\/uploads\/2024\/09\/kielibuusti_logo_suomi_tummansininen-1-768x175.png 768w\" sizes=\"auto, (max-width: 975px) 100vw, 975px\" \/><\/figure>\n<\/div><\/div><\/div>\n\n\n\n<div class=\"wp-block-stackable-column stk-block-column stk-column stk-block stk-d9a466b\" data-v=\"4\" data-block-id=\"d9a466b\"><div class=\"stk-column-wrapper stk-block-column__content stk-container stk-d9a466b-container stk--no-background stk--no-padding\"><div class=\"stk-block-content stk-inner-blocks stk-d9a466b-inner-blocks\">\n<figure class=\"wp-block-image size-full is-resized\" data-block-type=\"core\"><img loading=\"lazy\" decoding=\"async\" width=\"2363\" height=\"1063\" src=\"https:\/\/kielisepat.fi\/wp-content\/uploads\/2024\/09\/HY__LB02_LogoFV_FI_B3____BW.jpg\" alt=\"\" class=\"wp-image-2021\" style=\"width:208px;height:auto\" srcset=\"https:\/\/kielisepat.fi\/wp-content\/uploads\/2024\/09\/HY__LB02_LogoFV_FI_B3____BW.jpg 2363w, https:\/\/kielisepat.fi\/wp-content\/uploads\/2024\/09\/HY__LB02_LogoFV_FI_B3____BW-300x135.jpg 300w, https:\/\/kielisepat.fi\/wp-content\/uploads\/2024\/09\/HY__LB02_LogoFV_FI_B3____BW-1024x461.jpg 1024w, https:\/\/kielisepat.fi\/wp-content\/uploads\/2024\/09\/HY__LB02_LogoFV_FI_B3____BW-768x345.jpg 768w, https:\/\/kielisepat.fi\/wp-content\/uploads\/2024\/09\/HY__LB02_LogoFV_FI_B3____BW-1536x691.jpg 1536w, https:\/\/kielisepat.fi\/wp-content\/uploads\/2024\/09\/HY__LB02_LogoFV_FI_B3____BW-2048x921.jpg 2048w\" sizes=\"auto, (max-width: 2363px) 100vw, 2363px\" \/><\/figure>\n<\/div><\/div><\/div>\n<\/div><\/div>\n<\/div>\n","protected":false},"excerpt":{"rendered":"<p>Kenelle Kielisep\u00e4t on? Kielisep\u00e4t on yhteis\u00f6 meille, jotka olemme saavuttaneet sen, mik\u00e4 joskus tuntui mahdottomalta: puhumme suomea suhteellisen hyvin. P\u00e4rj\u00e4\u00e4mme suomeksi t\u00f6iss\u00e4, koulussa, arjessa \u2013 mutta haluaisimme tehd\u00e4 paljon enemm\u00e4n kuin vain p\u00e4rj\u00e4t\u00e4. Emme en\u00e4\u00e4 kohtaa p\u00e4ivitt\u00e4in ymm\u00e4rt\u00e4m\u00e4tt\u00f6myyden piinaa ja kielellisen rasituksen p\u00e4\u00e4ns\u00e4rky\u00e4, mutta paljon j\u00e4\u00e4 viel\u00e4 oman sis\u00e4isen kielimuurin taakse \u2013 sanomatta, luomatta, ajattelematta. [&hellip;]<\/p>\n","protected":false},"author":1,"featured_media":0,"parent":0,"menu_order":0,"comment_status":"closed","ping_status":"closed","template":"wp-custom-template-meist-sivu-2","meta":{"_acf_changed":false,"footnotes":""},"class_list":["post-1656","page","type-page","status-publish","hentry"],"acf":[],"_links":{"self":[{"href":"https:\/\/kielisepat.fi\/index.php\/wp-json\/wp\/v2\/pages\/1656","targetHints":{"allow":["GET"]}}],"collection":[{"href":"https:\/\/kielisepat.fi\/index.php\/wp-json\/wp\/v2\/pages"}],"about":[{"href":"https:\/\/kielisepat.fi\/index.php\/wp-json\/wp\/v2\/types\/page"}],"author":[{"embeddable":true,"href":"https:\/\/kielisepat.fi\/index.php\/wp-json\/wp\/v2\/users\/1"}],"replies":[{"embeddable":true,"href":"https:\/\/kielisepat.fi\/index.php\/wp-json\/wp\/v2\/comments?post=1656"}],"version-history":[{"count":41,"href":"https:\/\/kielisepat.fi\/index.php\/wp-json\/wp\/v2\/pages\/1656\/revisions"}],"predecessor-version":[{"id":3505,"href":"https:\/\/kielisepat.fi\/index.php\/wp-json\/wp\/v2\/pages\/1656\/revisions\/3505"}],"wp:attachment":[{"href":"https:\/\/kielisepat.fi\/index.php\/wp-json\/wp\/v2\/media?parent=1656"}],"curies":[{"name":"wp","href":"https:\/\/api.w.org\/{rel}","templated":true}]}}