{"id":1958,"date":"2024-09-26T15:35:09","date_gmt":"2024-09-26T12:35:09","guid":{"rendered":"https:\/\/kielisepat.fi\/?page_id=1958"},"modified":"2025-06-24T13:05:09","modified_gmt":"2025-06-24T10:05:09","slug":"saavustettavuusseloste","status":"publish","type":"page","link":"https:\/\/kielisepat.fi\/index.php\/saavustettavuusseloste\/","title":{"rendered":"Saavutettavuusseloste"},"content":{"rendered":"\n<p data-block-type=\"core\"> Palvelua koskee laki digitaalisten palvelujen tarjoamisesta, jossa edellytet\u00e4\u00e4n, ett\u00e4 julkisten verkkopalvelujen on oltava saavutettavia.<\/p>\n\n\n\n<p data-block-type=\"core\">Olemme arvioineet palvelun saavutettavuuden itse<\/p>\n\n\n\n<h3 class=\"wp-block-heading\" data-block-type=\"core\">Digipalvelun saavutettavuuden tila<\/h3>\n\n\n\n<p data-block-type=\"core\">T\u00e4ytt\u00e4\u00e4 saavutettavuusvaatimukset osittain.<\/p>\n\n\n\n<h3 class=\"wp-block-heading\" data-block-type=\"core\">Ei-saavutettava sis\u00e4lt\u00f6<\/h3>\n\n\n\n<p data-block-type=\"core\">Quizlet-lohkot eiv\u00e4t ole hallittavissa n\u00e4pp\u00e4imist\u00f6rajapinnalla. <\/p>\n\n\n\n<p data-block-type=\"core\">Huomasitko saavutettavuuspuutteen digipalvelussamme? Kerro se meille ja teemme parhaamme puutteen korjaamiseksi s\u00e4hk\u00f6postilla kielisepat@helsinki.fi<\/p>\n\n\n\n<h3 class=\"wp-block-heading\" data-block-type=\"core\">Valvontaviranomainen<\/h3>\n\n\n\n<p data-block-type=\"core\">Jos huomaat sivustolla saavutettavuusongelmia, anna ensin palautetta meille eli sivuston yll\u00e4pit\u00e4j\u00e4lle. Vastauksessa voi menn\u00e4 14 p\u00e4iv\u00e4\u00e4. Jos et ole tyytyv\u00e4inen saamaasi vastaukseen tai et saa vastausta lainkaan kahden viikon aikana,&nbsp;<a href=\"https:\/\/www.saavutettavuusvaatimukset.fi\/oikeutesi\/\" target=\"_blank\" rel=\"noreferrer noopener\"><span style=\"color: #3e31af;\" class=\"stk-highlight\">voit tehd\u00e4 ilmoituksen Etel\u00e4-Suomen aluehallintovirastoon&nbsp;Avautuu uuteen ikkunaan<\/span><\/a>. Etel\u00e4-Suomen aluehallintoviraston sivulla kerrotaan tarkasti, miten ilmoituksen voi tehd\u00e4 ja miten asia k\u00e4sitell\u00e4\u00e4n.<\/p>\n\n\n\n<h3 class=\"wp-block-heading\" data-block-type=\"core\">Valvontaviranomaisen yhteystiedot<\/h3>\n\n\n\n<p data-block-type=\"core\">Etel\u00e4-Suomen aluehallintovirasto<br>Saavutettavuuden valvonnan yksikk\u00f6<br>www.saavutettavuusvaatimukset.fi<br>saavutettavuus(at)avi.fi<br>puhelinnumero vaihde 0295 016 000<\/p>\n\n\n\n<div class=\"wp-block-stackable-spacer stk-block-spacer stk--no-padding stk-block stk-21971a1\" data-block-id=\"21971a1\"><\/div>\n","protected":false},"excerpt":{"rendered":"<p>Palvelua koskee laki digitaalisten palvelujen tarjoamisesta, jossa edellytet\u00e4\u00e4n, ett\u00e4 julkisten verkkopalvelujen on oltava saavutettavia. Olemme arvioineet palvelun saavutettavuuden itse Digipalvelun saavutettavuuden tila T\u00e4ytt\u00e4\u00e4 saavutettavuusvaatimukset osittain. Ei-saavutettava sis\u00e4lt\u00f6 Quizlet-lohkot eiv\u00e4t ole hallittavissa n\u00e4pp\u00e4imist\u00f6rajapinnalla. Huomasitko saavutettavuuspuutteen digipalvelussamme? Kerro se meille ja teemme parhaamme puutteen korjaamiseksi s\u00e4hk\u00f6postilla kielisepat@helsinki.fi Valvontaviranomainen Jos huomaat sivustolla saavutettavuusongelmia, anna ensin palautetta meille eli [&hellip;]<\/p>\n","protected":false},"author":2,"featured_media":0,"parent":0,"menu_order":0,"comment_status":"closed","ping_status":"closed","template":"","meta":{"_acf_changed":false,"footnotes":""},"class_list":["post-1958","page","type-page","status-publish","hentry"],"acf":[],"_links":{"self":[{"href":"https:\/\/kielisepat.fi\/index.php\/wp-json\/wp\/v2\/pages\/1958","targetHints":{"allow":["GET"]}}],"collection":[{"href":"https:\/\/kielisepat.fi\/index.php\/wp-json\/wp\/v2\/pages"}],"about":[{"href":"https:\/\/kielisepat.fi\/index.php\/wp-json\/wp\/v2\/types\/page"}],"author":[{"embeddable":true,"href":"https:\/\/kielisepat.fi\/index.php\/wp-json\/wp\/v2\/users\/2"}],"replies":[{"embeddable":true,"href":"https:\/\/kielisepat.fi\/index.php\/wp-json\/wp\/v2\/comments?post=1958"}],"version-history":[{"count":6,"href":"https:\/\/kielisepat.fi\/index.php\/wp-json\/wp\/v2\/pages\/1958\/revisions"}],"predecessor-version":[{"id":3283,"href":"https:\/\/kielisepat.fi\/index.php\/wp-json\/wp\/v2\/pages\/1958\/revisions\/3283"}],"wp:attachment":[{"href":"https:\/\/kielisepat.fi\/index.php\/wp-json\/wp\/v2\/media?parent=1958"}],"curies":[{"name":"wp","href":"https:\/\/api.w.org\/{rel}","templated":true}]}}