{"id":2531,"date":"2024-10-09T16:17:11","date_gmt":"2024-10-09T13:17:11","guid":{"rendered":"https:\/\/kielisepat.fi\/?page_id=2531"},"modified":"2025-06-11T16:38:16","modified_gmt":"2025-06-11T13:38:16","slug":"evastekaytanto","status":"publish","type":"page","link":"https:\/\/kielisepat.fi\/index.php\/evastekaytanto\/","title":{"rendered":"Ev\u00e4stek\u00e4yt\u00e4nt\u00f6"},"content":{"rendered":"\n<div class=\"wp-block-group is-layout-flow wp-block-group-is-layout-flow\" style=\"padding-top:2rem;padding-bottom:2rem\" data-block-type=\"core\"><p data-block-type=\"core\"><script\n\t\ttype=\"text\/javascript\"\n\t\tid=\"CookieDeclaration\"\n\t\tsrc=\"https:\/\/consent.cookiebot.com\/01ad7a70-7eaf-4299-9c5e-c206fba73eb8\/cd.js\"\n\t\t\tdata-culture=\"FI\"\n\t\tasync><\/script>\n<\/p>\n<\/div>\n","protected":false},"excerpt":{"rendered":"","protected":false},"author":2,"featured_media":0,"parent":0,"menu_order":0,"comment_status":"closed","ping_status":"closed","template":"","meta":{"_acf_changed":false,"footnotes":""},"class_list":["post-2531","page","type-page","status-publish","hentry"],"acf":[],"_links":{"self":[{"href":"https:\/\/kielisepat.fi\/index.php\/wp-json\/wp\/v2\/pages\/2531","targetHints":{"allow":["GET"]}}],"collection":[{"href":"https:\/\/kielisepat.fi\/index.php\/wp-json\/wp\/v2\/pages"}],"about":[{"href":"https:\/\/kielisepat.fi\/index.php\/wp-json\/wp\/v2\/types\/page"}],"author":[{"embeddable":true,"href":"https:\/\/kielisepat.fi\/index.php\/wp-json\/wp\/v2\/users\/2"}],"replies":[{"embeddable":true,"href":"https:\/\/kielisepat.fi\/index.php\/wp-json\/wp\/v2\/comments?post=2531"}],"version-history":[{"count":2,"href":"https:\/\/kielisepat.fi\/index.php\/wp-json\/wp\/v2\/pages\/2531\/revisions"}],"predecessor-version":[{"id":3281,"href":"https:\/\/kielisepat.fi\/index.php\/wp-json\/wp\/v2\/pages\/2531\/revisions\/3281"}],"wp:attachment":[{"href":"https:\/\/kielisepat.fi\/index.php\/wp-json\/wp\/v2\/media?parent=2531"}],"curies":[{"name":"wp","href":"https:\/\/api.w.org\/{rel}","templated":true}]}}