{"id":40,"date":"2024-03-22T12:19:38","date_gmt":"2024-03-22T10:19:38","guid":{"rendered":"https:\/\/blogs.helsinki.fi\/kielisepat\/?page_id=40"},"modified":"2025-06-11T16:09:53","modified_gmt":"2025-06-11T13:09:53","slug":"yhteiso","status":"publish","type":"page","link":"https:\/\/kielisepat.fi\/index.php\/yhteiso\/","title":{"rendered":"Yhteis\u00f6"},"content":{"rendered":"\n<div class=\"wp-block-stackable-columns alignfull stk-block-columns stk-block stk-9ac4796 stk-block-background\" data-block-id=\"9ac4796\"><style>.stk-9ac4796 {background-color:#f1f3f2 !important;padding-top:2rem !important;padding-right:2rem !important;padding-bottom:2rem !important;padding-left:2rem !important;}.stk-9ac4796:before{background-color:#f1f3f2 !important;}<\/style><div class=\"stk-row stk-inner-blocks stk-block-content stk-content-align stk-9ac4796-column alignfull\">\n<div class=\"wp-block-stackable-column stk-block-column stk-column stk-block stk-0548887\" data-v=\"4\" data-block-id=\"0548887\"><style>.stk-0548887-container{max-width:1200px !important;min-width:auto !important;margin-right:auto !important;margin-left:auto !important;}<\/style><div class=\"stk-column-wrapper stk-block-column__content stk-container stk-0548887-container stk--no-background stk--no-padding\"><div class=\"stk-block-content stk-inner-blocks stk-0548887-inner-blocks\">\n<div class=\"wp-block-query alignfull is-layout-flow wp-block-query-is-layout-flow\" data-block-type=\"core\"><ul class=\"columns-2 wp-block-post-template has-large-font-size is-layout-grid wp-container-core-post-template-is-layout-e6eaa4f5 wp-block-post-template-is-layout-grid\" data-block-type=\"core\"><li class=\"wp-block-post post-2751 uutinen type-uutinen status-publish has-post-thumbnail hentry\">\n\n<div class=\"wp-block-group kielisepat-tile-group has-border-color has-tertiary-border-color is-layout-flow wp-container-core-group-is-layout-a4860234 wp-block-group-is-layout-flow\" style=\"border-width:2px;border-radius:15px;padding-top:0px;padding-right:0px;padding-bottom:0px;padding-left:0px\" data-block-type=\"core\" data-block-type=\"core\">\n<div class=\"wp-block-group is-nowrap is-layout-flex wp-container-core-group-is-layout-c0d5ccf6 wp-block-group-is-layout-flex\" style=\"min-height:250px\" data-block-type=\"core\"><figure style=\"aspect-ratio:auto;height:300px;\" class=\"wp-block-post-featured-image wp-container-content-1387b69e\" data-block-type=\"core\"><img loading=\"lazy\" decoding=\"async\" width=\"1707\" height=\"2560\" src=\"https:\/\/kielisepat.fi\/wp-content\/uploads\/2024\/11\/Axe_Sharpening_C-D-X_Unsplash-scaled.jpg\" class=\"attachment-post-thumbnail size-post-thumbnail wp-post-image\" alt=\"\" style=\"width:100%;height:100%;object-fit:cover;\" srcset=\"https:\/\/kielisepat.fi\/wp-content\/uploads\/2024\/11\/Axe_Sharpening_C-D-X_Unsplash-scaled.jpg 1707w, https:\/\/kielisepat.fi\/wp-content\/uploads\/2024\/11\/Axe_Sharpening_C-D-X_Unsplash-200x300.jpg 200w, https:\/\/kielisepat.fi\/wp-content\/uploads\/2024\/11\/Axe_Sharpening_C-D-X_Unsplash-683x1024.jpg 683w, https:\/\/kielisepat.fi\/wp-content\/uploads\/2024\/11\/Axe_Sharpening_C-D-X_Unsplash-768x1152.jpg 768w, https:\/\/kielisepat.fi\/wp-content\/uploads\/2024\/11\/Axe_Sharpening_C-D-X_Unsplash-1024x1536.jpg 1024w, https:\/\/kielisepat.fi\/wp-content\/uploads\/2024\/11\/Axe_Sharpening_C-D-X_Unsplash-1365x2048.jpg 1365w\" sizes=\"auto, (max-width: 1707px) 100vw, 1707px\" \/><\/figure>\n\n\n<div class=\"wp-block-group has-global-padding is-layout-constrained wp-container-core-group-is-layout-13dfa6da wp-block-group-is-layout-constrained\" style=\"margin-top:0;margin-bottom:0;padding-top:20px;padding-right:20px;padding-bottom:20px;padding-left:20px\" data-block-type=\"core\"><h1 class=\"has-link-color wp-elements-fa624b9f7f6e03a95fa99fdf2565265a wp-block-post-title has-text-color has-contrast-color has-large-font-size\" data-block-type=\"core\">Ter\u00e4v\u00f6it\u00e4 kielitavoitteesi Tahkojengiss\u00e4<\/h1>\n\n\n<div class=\"wp-block-group has-global-padding is-content-justification-center is-layout-constrained wp-block-group-is-layout-constrained\" style=\"min-height:120px\" data-block-type=\"core\"><div class=\"wp-block-post-excerpt\" data-block-type=\"core\"><p class=\"wp-block-post-excerpt__excerpt\">Zoomissa kokoontuva Tahkojengi-ryhm\u00e4 tarjoaa kiireisillekin sopivan tavan saada tukea ja inspiraatiota omaan oppimismatkaan. <\/p><\/div>\n\n\n<div style=\"height:20px\" aria-hidden=\"true\" class=\"wp-block-spacer\" data-block-type=\"core\"><\/div>\n<\/div>\n\n\n\n<div class=\"wp-block-stackable-button-group stk-block-button-group stk-block stk-2483f49\" data-block-id=\"2483f49\"><style>.stk-2483f49 .stk-button-group{align-items:flex-start !important;}.stk-2483f49 {display:flex !important;}<\/style><div class=\"stk-row stk-inner-blocks has-text-align-right stk-block-content stk-button-group\">\n<div class=\"wp-block-stackable-button stk-block-button has-text-align-left stk-block stk-52abe24\" data-block-id=\"52abe24\"><style>.stk-52abe24 {align-items:flex-end !important;padding-right:0px !important;padding-bottom:0px !important;padding-left:0px !important;display:flex !important;}.stk-52abe24 .stk-button{padding-top:8px !important;padding-bottom:8px !important;background:#3e31af !important;border-top-left-radius:10px !important;border-top-right-radius:10px !important;border-bottom-right-radius:10px !important;border-bottom-left-radius:10px !important;}.stk-52abe24 .stk-button .stk--inner-svg svg:last-child{height:20px !important;width:20px !important;}.stk-52abe24 .stk-button__inner-text{font-size:18px !important;color:#ffffff !important;line-height:1em !important;}@media screen and (max-width: 1023px){.stk-52abe24 .stk-button__inner-text{font-size:18px !important;}}<\/style><a class=\"stk-link stk-button stk--hover-effect-darken\" href=\"https:\/\/kielisepat.fi\/index.php\/uutinen\/teravoita-kielitavoitteesi-tahkojengissa\/\"><span class=\"has-text-color stk-button__inner-text\">Lue lis\u00e4\u00e4<\/span><span class=\"stk--svg-wrapper\"><div class=\"stk--inner-svg\"><svg xmlns=\"http:\/\/www.w3.org\/2000\/svg\" viewBox=\"0 0 448 512\" aria-hidden=\"true\" width=\"32\" height=\"32\"><path d=\"M438.6 278.6c12.5-12.5 12.5-32.8 0-45.3l-160-160c-12.5-12.5-32.8-12.5-45.3 0s-12.5 32.8 0 45.3L338.8 224 32 224c-17.7 0-32 14.3-32 32s14.3 32 32 32l306.7 0L233.4 393.4c-12.5 12.5-12.5 32.8 0 45.3s32.8 12.5 45.3 0l160-160z\"><\/path><\/svg><\/div><\/span><\/a><\/div>\n<\/div><\/div>\n<\/div>\n<\/div>\n<\/div>\n\n<\/li><li class=\"wp-block-post post-2762 uutinen type-uutinen status-publish has-post-thumbnail hentry\">\n\n<div class=\"wp-block-group kielisepat-tile-group has-border-color has-tertiary-border-color is-layout-flow wp-container-core-group-is-layout-a4860234 wp-block-group-is-layout-flow\" style=\"border-width:2px;border-radius:15px;padding-top:0px;padding-right:0px;padding-bottom:0px;padding-left:0px\" data-block-type=\"core\" data-block-type=\"core\">\n<div class=\"wp-block-group is-nowrap is-layout-flex wp-container-core-group-is-layout-c0d5ccf6 wp-block-group-is-layout-flex\" style=\"min-height:250px\" data-block-type=\"core\"><figure style=\"aspect-ratio:auto;height:300px;\" class=\"wp-block-post-featured-image wp-container-content-1387b69e\" data-block-type=\"core\"><img loading=\"lazy\" decoding=\"async\" width=\"2560\" height=\"1440\" src=\"https:\/\/kielisepat.fi\/wp-content\/uploads\/2024\/11\/Resurssien_kehittaja_daniel-mccullough-unsplash-scaled.jpg\" class=\"attachment-post-thumbnail size-post-thumbnail wp-post-image\" alt=\"\" style=\"width:100%;height:100%;object-fit:cover;\" srcset=\"https:\/\/kielisepat.fi\/wp-content\/uploads\/2024\/11\/Resurssien_kehittaja_daniel-mccullough-unsplash-scaled.jpg 2560w, https:\/\/kielisepat.fi\/wp-content\/uploads\/2024\/11\/Resurssien_kehittaja_daniel-mccullough-unsplash-300x169.jpg 300w, https:\/\/kielisepat.fi\/wp-content\/uploads\/2024\/11\/Resurssien_kehittaja_daniel-mccullough-unsplash-1024x576.jpg 1024w, https:\/\/kielisepat.fi\/wp-content\/uploads\/2024\/11\/Resurssien_kehittaja_daniel-mccullough-unsplash-768x432.jpg 768w, https:\/\/kielisepat.fi\/wp-content\/uploads\/2024\/11\/Resurssien_kehittaja_daniel-mccullough-unsplash-1536x864.jpg 1536w, https:\/\/kielisepat.fi\/wp-content\/uploads\/2024\/11\/Resurssien_kehittaja_daniel-mccullough-unsplash-2048x1152.jpg 2048w\" sizes=\"auto, (max-width: 2560px) 100vw, 2560px\" \/><\/figure>\n\n\n<div class=\"wp-block-group has-global-padding is-layout-constrained wp-container-core-group-is-layout-13dfa6da wp-block-group-is-layout-constrained\" style=\"margin-top:0;margin-bottom:0;padding-top:20px;padding-right:20px;padding-bottom:20px;padding-left:20px\" data-block-type=\"core\"><h1 class=\"has-link-color wp-elements-fa624b9f7f6e03a95fa99fdf2565265a wp-block-post-title has-text-color has-contrast-color has-large-font-size\" data-block-type=\"core\">Ryhdy resurssien kehitt\u00e4j\u00e4ksi<\/h1>\n\n\n<div class=\"wp-block-group has-global-padding is-content-justification-center is-layout-constrained wp-block-group-is-layout-constrained\" style=\"min-height:120px\" data-block-type=\"core\"><div class=\"wp-block-post-excerpt\" data-block-type=\"core\"><p class=\"wp-block-post-excerpt__excerpt\">Tulee mukaan Kieliseppien inspiroivaan porukkaan kehitt\u00e4m\u00e4\u00e4n oppimissettej\u00e4 ja -vinkkej\u00e4 kaikkien edistyneiden suomenoppijoiden hyv\u00e4ksi! <\/p><\/div>\n\n\n<div style=\"height:20px\" aria-hidden=\"true\" class=\"wp-block-spacer\" data-block-type=\"core\"><\/div>\n<\/div>\n\n\n\n<div class=\"wp-block-stackable-button-group stk-block-button-group stk-block stk-v0ox8v0\" data-block-id=\"v0ox8v0\"><style>.stk-v0ox8v0 .stk-button-group{align-items:flex-start !important;}.stk-v0ox8v0 {display:flex !important;}<\/style><div class=\"stk-row stk-inner-blocks has-text-align-right stk-block-content stk-button-group\">\n<div class=\"wp-block-stackable-button stk-block-button has-text-align-left stk-block stk-64gh5fd\" data-block-id=\"64gh5fd\"><style>.stk-64gh5fd {align-items:flex-end !important;padding-right:0px !important;padding-bottom:0px !important;padding-left:0px !important;display:flex !important;}.stk-64gh5fd .stk-button{padding-top:8px !important;padding-bottom:8px !important;background:#3e31af !important;border-top-left-radius:10px !important;border-top-right-radius:10px !important;border-bottom-right-radius:10px !important;border-bottom-left-radius:10px !important;}.stk-64gh5fd .stk-button .stk--inner-svg svg:last-child{height:20px !important;width:20px !important;}.stk-64gh5fd .stk-button__inner-text{font-size:18px !important;color:#ffffff !important;line-height:1em !important;}@media screen and (max-width: 1023px){.stk-64gh5fd .stk-button__inner-text{font-size:18px !important;}}<\/style><a class=\"stk-link stk-button stk--hover-effect-darken\" href=\"https:\/\/kielisepat.fi\/index.php\/uutinen\/ryhdy-resurssien-kehittajaksi\/\"><span class=\"has-text-color stk-button__inner-text\">Lue lis\u00e4\u00e4<\/span><span class=\"stk--svg-wrapper\"><div class=\"stk--inner-svg\"><svg xmlns=\"http:\/\/www.w3.org\/2000\/svg\" viewBox=\"0 0 448 512\" aria-hidden=\"true\" width=\"32\" height=\"32\"><path d=\"M438.6 278.6c12.5-12.5 12.5-32.8 0-45.3l-160-160c-12.5-12.5-32.8-12.5-45.3 0s-12.5 32.8 0 45.3L338.8 224 32 224c-17.7 0-32 14.3-32 32s14.3 32 32 32l306.7 0L233.4 393.4c-12.5 12.5-12.5 32.8 0 45.3s32.8 12.5 45.3 0l160-160z\"><\/path><\/svg><\/div><\/span><\/a><\/div>\n<\/div><\/div>\n<\/div>\n<\/div>\n<\/div>\n\n<\/li><\/ul><\/div>\n<\/div><\/div><\/div>\n<\/div><\/div>\n","protected":false},"excerpt":{"rendered":"","protected":false},"author":1,"featured_media":0,"parent":0,"menu_order":0,"comment_status":"closed","ping_status":"closed","template":"wp-custom-template-yhteis-sivu","meta":{"_acf_changed":false,"footnotes":""},"class_list":["post-40","page","type-page","status-publish","hentry"],"acf":[],"_links":{"self":[{"href":"https:\/\/kielisepat.fi\/index.php\/wp-json\/wp\/v2\/pages\/40","targetHints":{"allow":["GET"]}}],"collection":[{"href":"https:\/\/kielisepat.fi\/index.php\/wp-json\/wp\/v2\/pages"}],"about":[{"href":"https:\/\/kielisepat.fi\/index.php\/wp-json\/wp\/v2\/types\/page"}],"author":[{"embeddable":true,"href":"https:\/\/kielisepat.fi\/index.php\/wp-json\/wp\/v2\/users\/1"}],"replies":[{"embeddable":true,"href":"https:\/\/kielisepat.fi\/index.php\/wp-json\/wp\/v2\/comments?post=40"}],"version-history":[{"count":89,"href":"https:\/\/kielisepat.fi\/index.php\/wp-json\/wp\/v2\/pages\/40\/revisions"}],"predecessor-version":[{"id":3268,"href":"https:\/\/kielisepat.fi\/index.php\/wp-json\/wp\/v2\/pages\/40\/revisions\/3268"}],"wp:attachment":[{"href":"https:\/\/kielisepat.fi\/index.php\/wp-json\/wp\/v2\/media?parent=40"}],"curies":[{"name":"wp","href":"https:\/\/api.w.org\/{rel}","templated":true}]}}